{"id":61,"date":"2016-01-14T11:48:23","date_gmt":"2016-01-14T10:48:23","guid":{"rendered":"http:\/\/sergegirard.fr\/fr\/?page_id=61"},"modified":"2016-01-21T08:00:44","modified_gmt":"2016-01-21T07:00:44","slug":"serge","status":"publish","type":"page","link":"https:\/\/sergegirard.fr\/fr\/serge\/","title":{"rendered":"Serge Girard"},"content":{"rendered":"<div id=\"attachment_24\" style=\"width: 437px\" class=\"wp-caption alignleft\"><img loading=\"lazy\" decoding=\"async\" aria-describedby=\"caption-attachment-24\" src=\"http:\/\/sergegirard.fr\/fr\/wp-content\/uploads\/sites\/2\/2016\/01\/IMG_6430.jpg\" alt=\"SERGE GIRARD\" width=\"427\" height=\"285\" class=\"wp-image-24\" srcset=\"https:\/\/sergegirard.fr\/fr\/wp-content\/uploads\/sites\/2\/2016\/01\/IMG_6430.jpg 1000w, https:\/\/sergegirard.fr\/fr\/wp-content\/uploads\/sites\/2\/2016\/01\/IMG_6430-300x200.jpg 300w, https:\/\/sergegirard.fr\/fr\/wp-content\/uploads\/sites\/2\/2016\/01\/IMG_6430-768x512.jpg 768w\" sizes=\"(max-width: 427px) 100vw, 427px\" \/><p id=\"caption-attachment-24\" class=\"wp-caption-text\">SERGE GIRARD<\/p><\/div>\n<p style=\"text-align: justify;\">Serge est un homme de d\u00e9fis et de challenges, mais avant toute chose il aime courir: une fa\u00e7on bien personnelle de se sentir vivant.<\/p>\n<p style=\"text-align: justify;\">Au fil des ans, il n&rsquo;a jamais cess\u00e9 de courir, courir lors de ses aventures \u00e0 travers le monde ou sur quelques rares comp\u00e9titions. Mais ce qu&rsquo;il affectionne particuli\u00e8rement, ce sont ses entra\u00eenements sur les petites routes de campagne autour de Grainville-Ymauville, saluant les v\u00e9hicules qu&rsquo;il croise, admirant les vaches dans les pr\u00e9s, s&rsquo;\u00e9merveillant des lumi\u00e8res normandes qui mettent en valeur les paysages champ\u00eatres avec une pr\u00e9f\u00e9rence pour le printemps, lorsque le colza est en fleur, puis le lin. Les saisons passent et Serge ne se lasse jamais de courir sur ses circuits, toujours les m\u00eames, autour de chez lui, en Seine-Maritime.<\/p>\n<p style=\"text-align: justify;\">Cette vie de course le comble, et pour elle, il s&rsquo;astreint \u00e0 une discipline assez stricte, tant dans son alimentation que dans sa pr\u00e9paration physique, n&rsquo;oubliant jamais son gainage avant d&rsquo;aller au lit.<\/p>\n<p style=\"text-align: justify;\">M\u00eame si le poids de l&rsquo;\u00e2ge commence \u00e0 se faire sentir, notamment en ce qui concerne la r\u00e9cup\u00e9ration, plus fastidieuse car plus longue, Serge, \u00e0 62 ans, garde un optimisme \u00e0 toute \u00e9preuve et une \u00e2me d&rsquo;enfant avec 1000 projets et des r\u00eaves plein la t\u00eate. Alors, m\u00eame si un r\u00eave peut s&rsquo;arr\u00eater en cours de r\u00e9alisation, si un r\u00eave ne se r\u00e9alisera jamais, si un r\u00eave devient r\u00e9alit\u00e9, pour Serge, la course \u00e0 pied est un trait d&rsquo;Union entre part de r\u00eave et r\u00e9alit\u00e9. \u00ab\u00a0La route est longue pour celui qui ne va pas au bout de ses r\u00eaves\u00a0\u00bb dixit Serge, lui qui r\u00eave tout \u00e9veill\u00e9.<\/p>\n<p style=\"text-align: justify;\">Le go\u00fbt de l&rsquo;aventure nourrit son quotidien et la devise: \u00ab\u00a0Il vaut mieux ailleurs que demain\u00a0\u00bb sont autant d&rsquo;\u00e9l\u00e9ments chers \u00e0 Serge sur ce type d&rsquo;aventure.<\/p>\n<p style=\"text-align: justify;\">Suite \u00e0 l&rsquo;\u00e9chec du Run &amp; Row Tour\u00a0\u00bb, il pose les rames, peut-\u00eatre d\u00e9finitivement, mais sait-on jamais?\u00a0 Il y a des bruits de couloir qui courent&#8230;. Serge ne souhaite sans doute jamais s&rsquo;arr\u00eater de courir, de vivre et de r\u00eaver.<\/p>\n","protected":false},"excerpt":{"rendered":"<p>Serge est un homme de d\u00e9fis et de challenges, mais avant toute chose il aime courir: une fa\u00e7on bien personnelle de se sentir vivant. Au fil des ans, il n&rsquo;a jamais cess\u00e9 de courir, courir lors de ses aventures \u00e0 travers le monde ou sur quelques rares comp\u00e9titions. Mais ce qu&rsquo;il affectionne particuli\u00e8rement, ce sont [&hellip;]<\/p>\n","protected":false},"author":1,"featured_media":0,"parent":0,"menu_order":0,"comment_status":"closed","ping_status":"closed","template":"","meta":{"_et_pb_use_builder":"","_et_pb_old_content":"","_et_gb_content_width":"","ngg_post_thumbnail":0,"footnotes":""},"class_list":["post-61","page","type-page","status-publish","hentry"],"_links":{"self":[{"href":"https:\/\/sergegirard.fr\/fr\/wp-json\/wp\/v2\/pages\/61","targetHints":{"allow":["GET"]}}],"collection":[{"href":"https:\/\/sergegirard.fr\/fr\/wp-json\/wp\/v2\/pages"}],"about":[{"href":"https:\/\/sergegirard.fr\/fr\/wp-json\/wp\/v2\/types\/page"}],"author":[{"embeddable":true,"href":"https:\/\/sergegirard.fr\/fr\/wp-json\/wp\/v2\/users\/1"}],"replies":[{"embeddable":true,"href":"https:\/\/sergegirard.fr\/fr\/wp-json\/wp\/v2\/comments?post=61"}],"version-history":[{"count":3,"href":"https:\/\/sergegirard.fr\/fr\/wp-json\/wp\/v2\/pages\/61\/revisions"}],"predecessor-version":[{"id":277,"href":"https:\/\/sergegirard.fr\/fr\/wp-json\/wp\/v2\/pages\/61\/revisions\/277"}],"wp:attachment":[{"href":"https:\/\/sergegirard.fr\/fr\/wp-json\/wp\/v2\/media?parent=61"}],"curies":[{"name":"wp","href":"https:\/\/api.w.org\/{rel}","templated":true}]}}