{"id":105,"date":"2016-01-14T12:50:50","date_gmt":"2016-01-14T11:50:50","guid":{"rendered":"http:\/\/sergegirard.fr\/fr\/?page_id=105"},"modified":"2016-01-24T21:41:01","modified_gmt":"2016-01-24T20:41:01","slug":"photos-pour-la-presse","status":"publish","type":"page","link":"https:\/\/sergegirard.fr\/fr\/photos-pour-la-presse\/","title":{"rendered":"Photos pour la presse"},"content":{"rendered":"<p>&nbsp;<\/p>\n<p>A destination de la presse, un ensemble de photos, en tr\u00e8s haute r\u00e9solution, est t\u00e9l\u00e9chargeable ici (cliquer sur l&rsquo;image&#8230; et \u00eatre patient !).<\/p>\n<p><a href=\"http:\/\/sergegirard.fr\/wp-content\/uploads\/2016\/01\/Presse_01.zip\"><img loading=\"lazy\" decoding=\"async\" src=\"http:\/\/sergegirard.fr\/fr\/wp-content\/uploads\/sites\/2\/2016\/01\/PicturesFolder.png\" alt=\"Dossier de photos pour la presse\" width=\"256\" height=\"256\" class=\"aligncenter size-full wp-image-351\" srcset=\"https:\/\/sergegirard.fr\/fr\/wp-content\/uploads\/sites\/2\/2016\/01\/PicturesFolder.png 256w, https:\/\/sergegirard.fr\/fr\/wp-content\/uploads\/sites\/2\/2016\/01\/PicturesFolder-150x150.png 150w, https:\/\/sergegirard.fr\/fr\/wp-content\/uploads\/sites\/2\/2016\/01\/PicturesFolder-180x180.png 180w\" sizes=\"(max-width: 256px) 100vw, 256px\" \/><\/a><\/p>\n","protected":false},"excerpt":{"rendered":"<p>&nbsp; A destination de la presse, un ensemble de photos, en tr\u00e8s haute r\u00e9solution, est t\u00e9l\u00e9chargeable ici (cliquer sur l&rsquo;image&#8230; et \u00eatre patient !).<\/p>\n","protected":false},"author":1,"featured_media":0,"parent":0,"menu_order":0,"comment_status":"closed","ping_status":"closed","template":"","meta":{"_et_pb_use_builder":"","_et_pb_old_content":"","_et_gb_content_width":"","ngg_post_thumbnail":0,"footnotes":""},"class_list":["post-105","page","type-page","status-publish","hentry"],"_links":{"self":[{"href":"https:\/\/sergegirard.fr\/fr\/wp-json\/wp\/v2\/pages\/105","targetHints":{"allow":["GET"]}}],"collection":[{"href":"https:\/\/sergegirard.fr\/fr\/wp-json\/wp\/v2\/pages"}],"about":[{"href":"https:\/\/sergegirard.fr\/fr\/wp-json\/wp\/v2\/types\/page"}],"author":[{"embeddable":true,"href":"https:\/\/sergegirard.fr\/fr\/wp-json\/wp\/v2\/users\/1"}],"replies":[{"embeddable":true,"href":"https:\/\/sergegirard.fr\/fr\/wp-json\/wp\/v2\/comments?post=105"}],"version-history":[{"count":3,"href":"https:\/\/sergegirard.fr\/fr\/wp-json\/wp\/v2\/pages\/105\/revisions"}],"predecessor-version":[{"id":353,"href":"https:\/\/sergegirard.fr\/fr\/wp-json\/wp\/v2\/pages\/105\/revisions\/353"}],"wp:attachment":[{"href":"https:\/\/sergegirard.fr\/fr\/wp-json\/wp\/v2\/media?parent=105"}],"curies":[{"name":"wp","href":"https:\/\/api.w.org\/{rel}","templated":true}]}}