{"id":41,"date":"2016-01-15T09:38:11","date_gmt":"2016-01-15T08:38:11","guid":{"rendered":"http:\/\/sergegirard.fr\/en\/?page_id=41"},"modified":"2016-01-25T21:23:29","modified_gmt":"2016-01-25T20:23:29","slug":"legal-notice","status":"publish","type":"page","link":"https:\/\/sergegirard.fr\/en\/legal-notice\/","title":{"rendered":"Legal notice"},"content":{"rendered":"<header class=\"entry-header\">\n<p class=\"entry-title\" style=\"text-align: justify;\"><span>GSI Communication est une SARL d\u00e9clar\u00e9e en sous-pr\u00e9fecture du Havre. N\u00b0 Siret: 420726226 00020<\/span><\/p>\n<\/header>\n<div class=\"entry-content\">\n<p style=\"text-align: justify;\"><img loading=\"lazy\" decoding=\"async\" class=\"alignright size-full wp-image-70\" src=\"http:\/\/sergegirard.fr\/en\/wp-content\/uploads\/sites\/3\/2016\/01\/mentionsLegales.png\" alt=\"mentionsLegales\" width=\"256\" height=\"256\" srcset=\"https:\/\/sergegirard.fr\/en\/wp-content\/uploads\/sites\/3\/2016\/01\/mentionsLegales.png 256w, https:\/\/sergegirard.fr\/en\/wp-content\/uploads\/sites\/3\/2016\/01\/mentionsLegales-150x150.png 150w, https:\/\/sergegirard.fr\/en\/wp-content\/uploads\/sites\/3\/2016\/01\/mentionsLegales-180x180.png 180w\" sizes=\"(max-width: 256px) 100vw, 256px\" \/><\/p>\n<p style=\"text-align: justify;\">Adresse postale : BP 10023 \u2013 76110 GODERVILLE<br \/>\nT\u00e9l\u00e9phone : 06 08 49 97 23<br \/>\neMail : contact @ sergegirard.fr<\/p>\n<p style=\"text-align: justify;\">Responsable des publications : Laure Magnan \u2013 adresse eMail :\u00a0contact @ sergegirard.fr<br \/>\nResponsable de la r\u00e9daction : Serge GIRARD \u2013 adresse eMail : contact @ sergegirard.fr<br \/>\nH\u00e9bergeur de ce site : OVH \u2013 Site internet :\u00a0<a href=\"http:\/\/www.ovh.com\/\">http:\/\/www.ovh.com<\/a><br \/>\nWebmestre : Anne Braudel \u2013 Site internet : <a href=\"http:\/\/clic-et-compagnie.com\/\">http:\/\/clic-et-compagnie.com<\/a><\/p>\n<\/div>\n","protected":false},"excerpt":{"rendered":"<p>GSI Communication est une SARL d\u00e9clar\u00e9e en sous-pr\u00e9fecture du Havre. N\u00b0 Siret: 420726226 00020 Adresse postale : BP 10023 \u2013 76110 GODERVILLE T\u00e9l\u00e9phone : 06 08 49 97 23 eMail : contact @ sergegirard.fr Responsable des publications : Laure Magnan \u2013 adresse eMail :\u00a0contact @ sergegirard.fr Responsable de la r\u00e9daction : Serge GIRARD \u2013 adresse [&hellip;]<\/p>\n","protected":false},"author":1,"featured_media":0,"parent":0,"menu_order":0,"comment_status":"closed","ping_status":"closed","template":"","meta":{"_et_pb_use_builder":"","_et_pb_old_content":"","_et_gb_content_width":"","ngg_post_thumbnail":0,"footnotes":""},"class_list":["post-41","page","type-page","status-publish","hentry"],"_links":{"self":[{"href":"https:\/\/sergegirard.fr\/en\/wp-json\/wp\/v2\/pages\/41","targetHints":{"allow":["GET"]}}],"collection":[{"href":"https:\/\/sergegirard.fr\/en\/wp-json\/wp\/v2\/pages"}],"about":[{"href":"https:\/\/sergegirard.fr\/en\/wp-json\/wp\/v2\/types\/page"}],"author":[{"embeddable":true,"href":"https:\/\/sergegirard.fr\/en\/wp-json\/wp\/v2\/users\/1"}],"replies":[{"embeddable":true,"href":"https:\/\/sergegirard.fr\/en\/wp-json\/wp\/v2\/comments?post=41"}],"version-history":[{"count":3,"href":"https:\/\/sergegirard.fr\/en\/wp-json\/wp\/v2\/pages\/41\/revisions"}],"predecessor-version":[{"id":231,"href":"https:\/\/sergegirard.fr\/en\/wp-json\/wp\/v2\/pages\/41\/revisions\/231"}],"wp:attachment":[{"href":"https:\/\/sergegirard.fr\/en\/wp-json\/wp\/v2\/media?parent=41"}],"curies":[{"name":"wp","href":"https:\/\/api.w.org\/{rel}","templated":true}]}}